{"id":732,"date":"2026-01-20T03:24:26","date_gmt":"2026-01-20T03:24:26","guid":{"rendered":"https:\/\/ipirangarionegrinho.com\/?page_id=732"},"modified":"2026-01-20T03:57:12","modified_gmt":"2026-01-20T03:57:12","slug":"projetos","status":"publish","type":"page","link":"https:\/\/ipirangarionegrinho.com\/index.php\/projetos\/","title":{"rendered":"Projetos Sociais"},"content":{"rendered":"\t\t<div data-elementor-type=\"wp-page\" data-elementor-id=\"732\" class=\"elementor elementor-732\">\n\t\t\t\t<div class=\"elementor-element elementor-element-943ad33 e-flex e-con-boxed e-con e-parent\" data-id=\"943ad33\" data-element_type=\"container\">\n\t\t\t\t\t<div class=\"e-con-inner\">\n\t\t\t\t<div class=\"elementor-element elementor-element-7bd10cc elementor-widget elementor-widget-button\" data-id=\"7bd10cc\" data-element_type=\"widget\" data-widget_type=\"button.default\">\n\t\t\t\t\t\t\t\t\t\t<a class=\"elementor-button elementor-button-link elementor-size-sm\" href=\"https:\/\/ipirangarionegrinho.com\/\">\n\t\t\t\t\t\t<span class=\"elementor-button-content-wrapper\">\n\t\t\t\t\t\t<span class=\"elementor-button-icon\">\n\t\t\t\t<svg aria-hidden=\"true\" class=\"e-font-icon-svg e-fas-share\" viewBox=\"0 0 512 512\" xmlns=\"http:\/\/www.w3.org\/2000\/svg\"><path d=\"M503.691 189.836L327.687 37.851C312.281 24.546 288 35.347 288 56.015v80.053C127.371 137.907 0 170.1 0 322.326c0 61.441 39.581 122.309 83.333 154.132 13.653 9.931 33.111-2.533 28.077-18.631C66.066 312.814 132.917 274.316 288 272.085V360c0 20.7 24.3 31.453 39.687 18.164l176.004-152c11.071-9.562 11.086-26.753 0-36.328z\"><\/path><\/svg>\t\t\t<\/span>\n\t\t\t\t\t\t\t\t\t<span class=\"elementor-button-text\">P\u00e1gina Inicial<\/span>\n\t\t\t\t\t<\/span>\n\t\t\t\t\t<\/a>\n\t\t\t\t\t\t\t\t<\/div>\n\t\t\t\t\t<\/div>\n\t\t\t\t<\/div>\n\t\t<div class=\"elementor-element elementor-element-e4a341b e-flex e-con-boxed e-con e-parent\" data-id=\"e4a341b\" data-element_type=\"container\">\n\t\t\t\t\t<div class=\"e-con-inner\">\n\t\t\t\t<div class=\"elementor-element elementor-element-3dc26ea elementor-widget elementor-widget-text-editor\" data-id=\"3dc26ea\" data-element_type=\"widget\" data-widget_type=\"text-editor.default\">\n\t\t\t\t\t\t\t\t\t<p>Nos \u00faltimos 3 anos desenvolvemos projetos sociais para a nossa comunidade , em conjunto e com recursos do FIA ( Fundo para a Infancia e Adol\u00eancia ) . Atrav\u00e9s do CMDCA ( Conselho Municipal dos Direitos das Crian\u00e7as e Adolescentes de Rio Negrinho &#8211; SC ) . Trabalhamos anualmente com uma m\u00e9dia de 180 crian\u00e7as e Adolescentes . Proporcionando atividades F\u00edsicas al\u00e9m da inclus\u00e3o destas crian\u00e7as e adolescentes trabalhamos na preven\u00e7\u00e3o de sobre peso e da obsidade infantil . Os resultados foram muito satisfat\u00f3rios , al\u00e9m das medi\u00e7\u00f5es de peso e altura das crian\u00e7as e adolescentes que participaram . ( medi\u00e7\u00f5es realizadas a cada m\u00eas ) . Depoimentos dos pais e respons\u00e1veis em rela\u00e7\u00e3o a mudan\u00e7a de comportamento das crian\u00e7as e adolescentes no dia a dia nas suas casas.<\/p><p><!-- \/wp:paragraph --><!-- wp:paragraph --><\/p><p>Participamos de competi\u00e7\u00f5es esportivas na nossa cidade e tamb\u00e9m participamos de competi\u00e7\u00f5es nas cidades visinhas . Objetivo principal ,<strong> inclus\u00e3o <\/strong><\/p><p><!-- \/wp:paragraph --><!-- wp:paragraph --><\/p><p>Nossas crian\u00e7as participaram de eventos civicos da nossa cidade . Foi uma forma de inclus\u00e3o das nossas crian\u00e7as em atividades civicas do nosso munic\u00edpio .<\/p>\t\t\t\t\t\t\t\t<\/div>\n\t\t\t\t\t<\/div>\n\t\t\t\t<\/div>\n\t\t<div class=\"elementor-element elementor-element-c3d2182 e-flex e-con-boxed e-con e-parent\" data-id=\"c3d2182\" data-element_type=\"container\">\n\t\t\t\t\t<div class=\"e-con-inner\">\n\t\t\t\t<div class=\"elementor-element elementor-element-6a8f18d elementor-widget elementor-widget-spacer\" data-id=\"6a8f18d\" data-element_type=\"widget\" data-widget_type=\"spacer.default\">\n\t\t\t\t\t\t\t<div class=\"elementor-spacer\">\n\t\t\t<div class=\"elementor-spacer-inner\"><\/div>\n\t\t<\/div>\n\t\t\t\t\t\t<\/div>\n\t\t\t\t\t<\/div>\n\t\t\t\t<\/div>\n\t\t<div class=\"elementor-element elementor-element-6ea9926 e-flex e-con-boxed e-con e-parent\" data-id=\"6ea9926\" data-element_type=\"container\">\n\t\t\t\t\t<div class=\"e-con-inner\">\n\t\t\t\t<div class=\"elementor-element elementor-element-a9a5fc3 elementor-widget elementor-widget-image\" data-id=\"a9a5fc3\" data-element_type=\"widget\" data-widget_type=\"image.default\">\n\t\t\t\t\t\t\t\t\t\t\t\t\t\t\t<img fetchpriority=\"high\" decoding=\"async\" width=\"800\" height=\"327\" src=\"https:\/\/ipirangarionegrinho.com\/wp-content\/uploads\/2026\/01\/sabado00-1024x418.jpg\" class=\"attachment-large size-large wp-image-737\" alt=\"\" srcset=\"https:\/\/ipirangarionegrinho.com\/wp-content\/uploads\/2026\/01\/sabado00-1024x418.jpg 1024w, https:\/\/ipirangarionegrinho.com\/wp-content\/uploads\/2026\/01\/sabado00-300x122.jpg 300w, https:\/\/ipirangarionegrinho.com\/wp-content\/uploads\/2026\/01\/sabado00-768x313.jpg 768w, https:\/\/ipirangarionegrinho.com\/wp-content\/uploads\/2026\/01\/sabado00-1536x627.jpg 1536w, https:\/\/ipirangarionegrinho.com\/wp-content\/uploads\/2026\/01\/sabado00-2048x836.jpg 2048w\" sizes=\"(max-width: 800px) 100vw, 800px\" \/>\t\t\t\t\t\t\t\t\t\t\t\t\t\t\t<\/div>\n\t\t\t\t\t<\/div>\n\t\t\t\t<\/div>\n\t\t<div class=\"elementor-element elementor-element-dac2bee e-flex e-con-boxed e-con e-parent\" data-id=\"dac2bee\" data-element_type=\"container\">\n\t\t\t\t\t<div class=\"e-con-inner\">\n\t\t\t\t<div class=\"elementor-element elementor-element-a5a4f34 elementor-widget elementor-widget-spacer\" data-id=\"a5a4f34\" data-element_type=\"widget\" data-widget_type=\"spacer.default\">\n\t\t\t\t\t\t\t<div class=\"elementor-spacer\">\n\t\t\t<div class=\"elementor-spacer-inner\"><\/div>\n\t\t<\/div>\n\t\t\t\t\t\t<\/div>\n\t\t\t\t\t<\/div>\n\t\t\t\t<\/div>\n\t\t<div class=\"elementor-element elementor-element-98fee10 e-flex e-con-boxed e-con e-parent\" data-id=\"98fee10\" data-element_type=\"container\">\n\t\t\t\t\t<div class=\"e-con-inner\">\n\t\t\t\t<div class=\"elementor-element elementor-element-3b2436e elementor-widget elementor-widget-image\" data-id=\"3b2436e\" data-element_type=\"widget\" data-widget_type=\"image.default\">\n\t\t\t\t\t\t\t\t\t\t\t\t\t\t\t<img decoding=\"async\" width=\"800\" height=\"470\" data-src=\"https:\/\/ipirangarionegrinho.com\/wp-content\/uploads\/2026\/01\/projetosabado8.jpg\" class=\"attachment-large size-large wp-image-738 lazyload\" alt=\"\" data-srcset=\"https:\/\/ipirangarionegrinho.com\/wp-content\/uploads\/2026\/01\/projetosabado8.jpg 800w, https:\/\/ipirangarionegrinho.com\/wp-content\/uploads\/2026\/01\/projetosabado8-300x176.jpg 300w, https:\/\/ipirangarionegrinho.com\/wp-content\/uploads\/2026\/01\/projetosabado8-768x451.jpg 768w\" data-sizes=\"(max-width: 800px) 100vw, 800px\" src=\"data:image\/svg+xml;base64,PHN2ZyB3aWR0aD0iMSIgaGVpZ2h0PSIxIiB4bWxucz0iaHR0cDovL3d3dy53My5vcmcvMjAwMC9zdmciPjwvc3ZnPg==\" style=\"--smush-placeholder-width: 800px; --smush-placeholder-aspect-ratio: 800\/470;\" \/>\t\t\t\t\t\t\t\t\t\t\t\t\t\t\t<\/div>\n\t\t\t\t\t<\/div>\n\t\t\t\t<\/div>\n\t\t<div class=\"elementor-element elementor-element-9bf7475 e-flex e-con-boxed e-con e-parent\" data-id=\"9bf7475\" data-element_type=\"container\">\n\t\t\t\t\t<div class=\"e-con-inner\">\n\t\t\t\t<div class=\"elementor-element elementor-element-fb394d4 elementor-widget elementor-widget-spacer\" data-id=\"fb394d4\" data-element_type=\"widget\" data-widget_type=\"spacer.default\">\n\t\t\t\t\t\t\t<div class=\"elementor-spacer\">\n\t\t\t<div class=\"elementor-spacer-inner\"><\/div>\n\t\t<\/div>\n\t\t\t\t\t\t<\/div>\n\t\t\t\t\t<\/div>\n\t\t\t\t<\/div>\n\t\t<div class=\"elementor-element elementor-element-6144b19 e-flex e-con-boxed e-con e-parent\" data-id=\"6144b19\" data-element_type=\"container\">\n\t\t\t\t\t<div class=\"e-con-inner\">\n\t\t\t\t<div class=\"elementor-element elementor-element-6aa9a4b elementor-widget elementor-widget-image\" data-id=\"6aa9a4b\" data-element_type=\"widget\" data-widget_type=\"image.default\">\n\t\t\t\t\t\t\t\t\t\t\t\t\t\t\t<img decoding=\"async\" width=\"768\" height=\"477\" data-src=\"https:\/\/ipirangarionegrinho.com\/wp-content\/uploads\/2026\/01\/com-uniforme-vermelho-1-768x477.jpg\" class=\"attachment-medium_large size-medium_large wp-image-771 lazyload\" alt=\"\" data-srcset=\"https:\/\/ipirangarionegrinho.com\/wp-content\/uploads\/2026\/01\/com-uniforme-vermelho-1-768x477.jpg 768w, https:\/\/ipirangarionegrinho.com\/wp-content\/uploads\/2026\/01\/com-uniforme-vermelho-1-300x187.jpg 300w, https:\/\/ipirangarionegrinho.com\/wp-content\/uploads\/2026\/01\/com-uniforme-vermelho-1-1024x637.jpg 1024w, https:\/\/ipirangarionegrinho.com\/wp-content\/uploads\/2026\/01\/com-uniforme-vermelho-1-1536x955.jpg 1536w, https:\/\/ipirangarionegrinho.com\/wp-content\/uploads\/2026\/01\/com-uniforme-vermelho-1.jpg 1676w\" data-sizes=\"(max-width: 768px) 100vw, 768px\" src=\"data:image\/svg+xml;base64,PHN2ZyB3aWR0aD0iMSIgaGVpZ2h0PSIxIiB4bWxucz0iaHR0cDovL3d3dy53My5vcmcvMjAwMC9zdmciPjwvc3ZnPg==\" style=\"--smush-placeholder-width: 768px; --smush-placeholder-aspect-ratio: 768\/477;\" \/>\t\t\t\t\t\t\t\t\t\t\t\t\t\t\t<\/div>\n\t\t\t\t\t<\/div>\n\t\t\t\t<\/div>\n\t\t<div class=\"elementor-element elementor-element-aef7634 e-flex e-con-boxed e-con e-parent\" data-id=\"aef7634\" data-element_type=\"container\">\n\t\t\t\t\t<div class=\"e-con-inner\">\n\t\t\t\t<div class=\"elementor-element elementor-element-183a80a elementor-widget elementor-widget-spacer\" data-id=\"183a80a\" data-element_type=\"widget\" data-widget_type=\"spacer.default\">\n\t\t\t\t\t\t\t<div class=\"elementor-spacer\">\n\t\t\t<div class=\"elementor-spacer-inner\"><\/div>\n\t\t<\/div>\n\t\t\t\t\t\t<\/div>\n\t\t\t\t\t<\/div>\n\t\t\t\t<\/div>\n\t\t\t\t<\/div>\n\t\t","protected":false},"excerpt":{"rendered":"<p>P\u00e1gina Inicial Nos \u00faltimos 3 anos desenvolvemos projetos sociais para a nossa comunidade , em conjunto e com recursos do FIA ( Fundo para a Infancia e Adol\u00eancia ) . Atrav\u00e9s do CMDCA ( Conselho Municipal dos Direitos das Crian\u00e7as e Adolescentes de Rio Negrinho &#8211; SC ) . Trabalhamos anualmente com uma m\u00e9dia de [&hellip;]<\/p>\n","protected":false},"author":1,"featured_media":0,"parent":0,"menu_order":0,"comment_status":"closed","ping_status":"closed","template":"","meta":{"iawp_total_views":3,"footnotes":""},"class_list":["post-732","page","type-page","status-publish","hentry"],"_links":{"self":[{"href":"https:\/\/ipirangarionegrinho.com\/index.php\/wp-json\/wp\/v2\/pages\/732","targetHints":{"allow":["GET"]}}],"collection":[{"href":"https:\/\/ipirangarionegrinho.com\/index.php\/wp-json\/wp\/v2\/pages"}],"about":[{"href":"https:\/\/ipirangarionegrinho.com\/index.php\/wp-json\/wp\/v2\/types\/page"}],"author":[{"embeddable":true,"href":"https:\/\/ipirangarionegrinho.com\/index.php\/wp-json\/wp\/v2\/users\/1"}],"replies":[{"embeddable":true,"href":"https:\/\/ipirangarionegrinho.com\/index.php\/wp-json\/wp\/v2\/comments?post=732"}],"version-history":[{"count":24,"href":"https:\/\/ipirangarionegrinho.com\/index.php\/wp-json\/wp\/v2\/pages\/732\/revisions"}],"predecessor-version":[{"id":774,"href":"https:\/\/ipirangarionegrinho.com\/index.php\/wp-json\/wp\/v2\/pages\/732\/revisions\/774"}],"wp:attachment":[{"href":"https:\/\/ipirangarionegrinho.com\/index.php\/wp-json\/wp\/v2\/media?parent=732"}],"curies":[{"name":"wp","href":"https:\/\/api.w.org\/{rel}","templated":true}]}}