{"id":495,"date":"2025-12-31T01:46:41","date_gmt":"2025-12-31T01:46:41","guid":{"rendered":"https:\/\/ipirangarionegrinho.com\/?page_id=495"},"modified":"2025-12-31T03:21:27","modified_gmt":"2025-12-31T03:21:27","slug":"professora-anna-regina","status":"publish","type":"page","link":"https:\/\/ipirangarionegrinho.com\/index.php\/professora-anna-regina\/","title":{"rendered":"Professora Anna  Regina"},"content":{"rendered":"\t\t<div data-elementor-type=\"wp-page\" data-elementor-id=\"495\" class=\"elementor elementor-495\">\n\t\t\t\t<div class=\"elementor-element elementor-element-3aa5832 e-flex e-con-boxed e-con e-parent\" data-id=\"3aa5832\" data-element_type=\"container\">\n\t\t\t\t\t<div class=\"e-con-inner\">\n\t\t\t\t<div class=\"elementor-element elementor-element-3b91bda elementor-widget elementor-widget-text-editor\" data-id=\"3b91bda\" data-element_type=\"widget\" data-widget_type=\"text-editor.default\">\n\t\t\t\t\t\t\t\t\t<p>Formada em Educa\u00e7\u00e3o F\u00edsica a 7 anos .<\/p><p>Trabalha na Sociedade Esportiva Ipiranga a 3 anos .<\/p><p>Coordenadora de Projetos de Atividades Sociais .<\/p><p>Atualmente coordena o Projeto .<\/p><p>Atividades Esportivas com Qualidade de Vida .<\/p><p>Este Projeto \u00e9 realizado em parceria com o CMDCA ( Conselho Municipal de Direito da Crian\u00e7a e do Adolescente . Com recursos disponibilisados pelo FIA\u00a0 ( Fundo da Infancia Adolescencia .<\/p>\t\t\t\t\t\t\t\t<\/div>\n\t\t\t\t\t<\/div>\n\t\t\t\t<\/div>\n\t\t<div class=\"elementor-element elementor-element-d05ccfc e-flex e-con-boxed e-con e-parent\" data-id=\"d05ccfc\" data-element_type=\"container\">\n\t\t\t\t\t<div class=\"e-con-inner\">\n\t\t\t\t<div class=\"elementor-element elementor-element-a2df3ff elementor-widget elementor-widget-image\" data-id=\"a2df3ff\" data-element_type=\"widget\" data-widget_type=\"image.default\">\n\t\t\t\t\t\t\t\t\t\t\t\t\t\t\t<img fetchpriority=\"high\" decoding=\"async\" width=\"300\" height=\"220\" src=\"https:\/\/ipirangarionegrinho.com\/wp-content\/uploads\/2025\/12\/Anna-Regina-300x220.jpg\" class=\"attachment-medium size-medium wp-image-307\" alt=\"\" srcset=\"https:\/\/ipirangarionegrinho.com\/wp-content\/uploads\/2025\/12\/Anna-Regina-300x220.jpg 300w, https:\/\/ipirangarionegrinho.com\/wp-content\/uploads\/2025\/12\/Anna-Regina-1024x752.jpg 1024w, https:\/\/ipirangarionegrinho.com\/wp-content\/uploads\/2025\/12\/Anna-Regina-768x564.jpg 768w, https:\/\/ipirangarionegrinho.com\/wp-content\/uploads\/2025\/12\/Anna-Regina-1536x1127.jpg 1536w, https:\/\/ipirangarionegrinho.com\/wp-content\/uploads\/2025\/12\/Anna-Regina.jpg 1771w\" sizes=\"(max-width: 300px) 100vw, 300px\" \/>\t\t\t\t\t\t\t\t\t\t\t\t\t\t\t<\/div>\n\t\t\t\t\t<\/div>\n\t\t\t\t<\/div>\n\t\t<div class=\"elementor-element elementor-element-c45e93c e-flex e-con-boxed e-con e-parent\" data-id=\"c45e93c\" data-element_type=\"container\">\n\t\t\t\t\t<div class=\"e-con-inner\">\n\t\t\t\t<div class=\"elementor-element elementor-element-5b25982 elementor-widget elementor-widget-spacer\" data-id=\"5b25982\" data-element_type=\"widget\" data-widget_type=\"spacer.default\">\n\t\t\t\t\t\t\t<div class=\"elementor-spacer\">\n\t\t\t<div class=\"elementor-spacer-inner\"><\/div>\n\t\t<\/div>\n\t\t\t\t\t\t<\/div>\n\t\t\t\t\t<\/div>\n\t\t\t\t<\/div>\n\t\t<div class=\"elementor-element elementor-element-49d92e5 e-flex e-con-boxed e-con e-parent\" data-id=\"49d92e5\" data-element_type=\"container\">\n\t\t\t\t\t<div class=\"e-con-inner\">\n\t\t\t\t<div class=\"elementor-element elementor-element-90724ad elementor-widget elementor-widget-button\" data-id=\"90724ad\" data-element_type=\"widget\" data-widget_type=\"button.default\">\n\t\t\t\t\t\t\t\t\t\t<a class=\"elementor-button elementor-button-link elementor-size-sm\" href=\"https:\/\/ipirangarionegrinho.com\/\">\n\t\t\t\t\t\t<span class=\"elementor-button-content-wrapper\">\n\t\t\t\t\t\t<span class=\"elementor-button-icon\">\n\t\t\t\t<svg aria-hidden=\"true\" class=\"e-font-icon-svg e-far-share-square\" viewBox=\"0 0 576 512\" xmlns=\"http:\/\/www.w3.org\/2000\/svg\"><path d=\"M561.938 158.06L417.94 14.092C387.926-15.922 336 5.097 336 48.032v57.198c-42.45 1.88-84.03 6.55-120.76 17.99-35.17 10.95-63.07 27.58-82.91 49.42C108.22 199.2 96 232.6 96 271.94c0 61.697 33.178 112.455 84.87 144.76 37.546 23.508 85.248-12.651 71.02-55.74-15.515-47.119-17.156-70.923 84.11-78.76V336c0 42.993 51.968 63.913 81.94 33.94l143.998-144c18.75-18.74 18.75-49.14 0-67.88zM384 336V232.16C255.309 234.082 166.492 255.35 206.31 376 176.79 357.55 144 324.08 144 271.94c0-109.334 129.14-118.947 240-119.85V48l144 144-144 144zm24.74 84.493a82.658 82.658 0 0 0 20.974-9.303c7.976-4.952 18.286.826 18.286 10.214V464c0 26.51-21.49 48-48 48H48c-26.51 0-48-21.49-48-48V112c0-26.51 21.49-48 48-48h132c6.627 0 12 5.373 12 12v4.486c0 4.917-2.987 9.369-7.569 11.152-13.702 5.331-26.396 11.537-38.05 18.585a12.138 12.138 0 0 1-6.28 1.777H54a6 6 0 0 0-6 6v340a6 6 0 0 0 6 6h340a6 6 0 0 0 6-6v-25.966c0-5.37 3.579-10.059 8.74-11.541z\"><\/path><\/svg>\t\t\t<\/span>\n\t\t\t\t\t\t\t\t\t<span class=\"elementor-button-text\">P\u00e1gina inicial<\/span>\n\t\t\t\t\t<\/span>\n\t\t\t\t\t<\/a>\n\t\t\t\t\t\t\t\t<\/div>\n\t\t\t\t\t<\/div>\n\t\t\t\t<\/div>\n\t\t\t\t<\/div>\n\t\t","protected":false},"excerpt":{"rendered":"<p>Formada em Educa\u00e7\u00e3o F\u00edsica a 7 anos . Trabalha na Sociedade Esportiva Ipiranga a 3 anos . Coordenadora de Projetos de Atividades Sociais . Atualmente coordena o Projeto . Atividades Esportivas com Qualidade de Vida . Este Projeto \u00e9 realizado em parceria com o CMDCA ( Conselho Municipal de Direito da Crian\u00e7a e do Adolescente [&hellip;]<\/p>\n","protected":false},"author":1,"featured_media":0,"parent":0,"menu_order":0,"comment_status":"closed","ping_status":"closed","template":"","meta":{"iawp_total_views":3,"footnotes":""},"class_list":["post-495","page","type-page","status-publish","hentry"],"_links":{"self":[{"href":"https:\/\/ipirangarionegrinho.com\/index.php\/wp-json\/wp\/v2\/pages\/495","targetHints":{"allow":["GET"]}}],"collection":[{"href":"https:\/\/ipirangarionegrinho.com\/index.php\/wp-json\/wp\/v2\/pages"}],"about":[{"href":"https:\/\/ipirangarionegrinho.com\/index.php\/wp-json\/wp\/v2\/types\/page"}],"author":[{"embeddable":true,"href":"https:\/\/ipirangarionegrinho.com\/index.php\/wp-json\/wp\/v2\/users\/1"}],"replies":[{"embeddable":true,"href":"https:\/\/ipirangarionegrinho.com\/index.php\/wp-json\/wp\/v2\/comments?post=495"}],"version-history":[{"count":18,"href":"https:\/\/ipirangarionegrinho.com\/index.php\/wp-json\/wp\/v2\/pages\/495\/revisions"}],"predecessor-version":[{"id":556,"href":"https:\/\/ipirangarionegrinho.com\/index.php\/wp-json\/wp\/v2\/pages\/495\/revisions\/556"}],"wp:attachment":[{"href":"https:\/\/ipirangarionegrinho.com\/index.php\/wp-json\/wp\/v2\/media?parent=495"}],"curies":[{"name":"wp","href":"https:\/\/api.w.org\/{rel}","templated":true}]}}