{"id":315,"date":"2025-12-27T02:18:35","date_gmt":"2025-12-27T02:18:35","guid":{"rendered":"https:\/\/ipirangarionegrinho.com\/?page_id=315"},"modified":"2025-12-31T03:17:49","modified_gmt":"2025-12-31T03:17:49","slug":"professor-ronalld","status":"publish","type":"page","link":"https:\/\/ipirangarionegrinho.com\/index.php\/professor-ronalld\/","title":{"rendered":"Professor : Ronalld"},"content":{"rendered":"\t\t<div data-elementor-type=\"wp-page\" data-elementor-id=\"315\" class=\"elementor elementor-315\">\n\t\t\t\t<div class=\"elementor-element elementor-element-6f0022c4 e-flex e-con-boxed e-con e-parent\" data-id=\"6f0022c4\" data-element_type=\"container\">\n\t\t\t\t\t<div class=\"e-con-inner\">\n\t\t\t\t<div class=\"elementor-element elementor-element-160269b7 elementor-widget elementor-widget-text-editor\" data-id=\"160269b7\" data-element_type=\"widget\" data-widget_type=\"text-editor.default\">\n\t\t\t\t\t\t\t\t\t<p><\/p>\n<p>Cursando Bacharelado em Educa\u00e7\u00e3o F\u00edsica .<\/p>\n<p><\/p>\n<p>Jogador de Futebol Profissional com passagens em v\u00e1rios clubes do Brasil e Exterior .<\/p>\n<p>Foi atleta da Sociedade Esportiva Ipiranga\u00a0<\/p>\n<p>Vem trabalhando na Sociedade Esportiva a 3 anos . Comandando as equipes no Projeto Social . Atividades Esportivas com Qualidade de Vida.<\/p>\n<p><\/p>\n<p><\/p>\t\t\t\t\t\t\t\t<\/div>\n\t\t\t\t\t<\/div>\n\t\t\t\t<\/div>\n\t\t<div class=\"elementor-element elementor-element-411c7f5 e-flex e-con-boxed e-con e-parent\" data-id=\"411c7f5\" data-element_type=\"container\">\n\t\t\t\t\t<div class=\"e-con-inner\">\n\t\t\t\t<div class=\"elementor-element elementor-element-1b449f4 elementor-widget elementor-widget-image\" data-id=\"1b449f4\" data-element_type=\"widget\" id=\"professor :ronalld\" data-widget_type=\"image.default\">\n\t\t\t\t\t\t\t\t\t\t\t\t\t\t\t<img fetchpriority=\"high\" decoding=\"async\" width=\"300\" height=\"220\" src=\"https:\/\/ipirangarionegrinho.com\/wp-content\/uploads\/2025\/12\/ronalld-300x220.jpg\" class=\"attachment-medium size-medium wp-image-306\" alt=\"\" srcset=\"https:\/\/ipirangarionegrinho.com\/wp-content\/uploads\/2025\/12\/ronalld-300x220.jpg 300w, https:\/\/ipirangarionegrinho.com\/wp-content\/uploads\/2025\/12\/ronalld-1024x751.jpg 1024w, https:\/\/ipirangarionegrinho.com\/wp-content\/uploads\/2025\/12\/ronalld-768x563.jpg 768w, https:\/\/ipirangarionegrinho.com\/wp-content\/uploads\/2025\/12\/ronalld-1536x1126.jpg 1536w, https:\/\/ipirangarionegrinho.com\/wp-content\/uploads\/2025\/12\/ronalld.jpg 1772w\" sizes=\"(max-width: 300px) 100vw, 300px\" \/>\t\t\t\t\t\t\t\t\t\t\t\t\t\t\t<\/div>\n\t\t\t\t\t<\/div>\n\t\t\t\t<\/div>\n\t\t<div class=\"elementor-element elementor-element-aad7b2a e-flex e-con-boxed e-con e-parent\" data-id=\"aad7b2a\" data-element_type=\"container\">\n\t\t\t\t\t<div class=\"e-con-inner\">\n\t\t\t\t<div class=\"elementor-element elementor-element-9259066 elementor-widget elementor-widget-spacer\" data-id=\"9259066\" data-element_type=\"widget\" data-widget_type=\"spacer.default\">\n\t\t\t\t\t\t\t<div class=\"elementor-spacer\">\n\t\t\t<div class=\"elementor-spacer-inner\"><\/div>\n\t\t<\/div>\n\t\t\t\t\t\t<\/div>\n\t\t\t\t\t<\/div>\n\t\t\t\t<\/div>\n\t\t<div class=\"elementor-element elementor-element-6b80824 e-flex e-con-boxed e-con e-parent\" data-id=\"6b80824\" data-element_type=\"container\">\n\t\t\t\t\t<div class=\"e-con-inner\">\n\t\t\t\t<div class=\"elementor-element elementor-element-f6ff473 elementor-button-info elementor-widget elementor-widget-button\" data-id=\"f6ff473\" data-element_type=\"widget\" data-widget_type=\"button.default\">\n\t\t\t\t\t\t\t\t\t\t<a class=\"elementor-button elementor-button-link elementor-size-sm\" href=\"https:\/\/ipirangarionegrinho.com\/\" id=\"ronalld\">\n\t\t\t\t\t\t<span class=\"elementor-button-content-wrapper\">\n\t\t\t\t\t\t<span class=\"elementor-button-icon\">\n\t\t\t\t<svg aria-hidden=\"true\" class=\"e-font-icon-svg e-far-share-square\" viewBox=\"0 0 576 512\" xmlns=\"http:\/\/www.w3.org\/2000\/svg\"><path d=\"M561.938 158.06L417.94 14.092C387.926-15.922 336 5.097 336 48.032v57.198c-42.45 1.88-84.03 6.55-120.76 17.99-35.17 10.95-63.07 27.58-82.91 49.42C108.22 199.2 96 232.6 96 271.94c0 61.697 33.178 112.455 84.87 144.76 37.546 23.508 85.248-12.651 71.02-55.74-15.515-47.119-17.156-70.923 84.11-78.76V336c0 42.993 51.968 63.913 81.94 33.94l143.998-144c18.75-18.74 18.75-49.14 0-67.88zM384 336V232.16C255.309 234.082 166.492 255.35 206.31 376 176.79 357.55 144 324.08 144 271.94c0-109.334 129.14-118.947 240-119.85V48l144 144-144 144zm24.74 84.493a82.658 82.658 0 0 0 20.974-9.303c7.976-4.952 18.286.826 18.286 10.214V464c0 26.51-21.49 48-48 48H48c-26.51 0-48-21.49-48-48V112c0-26.51 21.49-48 48-48h132c6.627 0 12 5.373 12 12v4.486c0 4.917-2.987 9.369-7.569 11.152-13.702 5.331-26.396 11.537-38.05 18.585a12.138 12.138 0 0 1-6.28 1.777H54a6 6 0 0 0-6 6v340a6 6 0 0 0 6 6h340a6 6 0 0 0 6-6v-25.966c0-5.37 3.579-10.059 8.74-11.541z\"><\/path><\/svg>\t\t\t<\/span>\n\t\t\t\t\t\t\t\t\t<span class=\"elementor-button-text\">P\u00e1gina inicial<\/span>\n\t\t\t\t\t<\/span>\n\t\t\t\t\t<\/a>\n\t\t\t\t\t\t\t\t<\/div>\n\t\t\t\t\t<\/div>\n\t\t\t\t<\/div>\n\t\t\t\t<\/div>\n\t\t","protected":false},"excerpt":{"rendered":"<p>Cursando Bacharelado em Educa\u00e7\u00e3o F\u00edsica . Jogador de Futebol Profissional com passagens em v\u00e1rios clubes do Brasil e Exterior . Foi atleta da Sociedade Esportiva Ipiranga\u00a0 Vem trabalhando na Sociedade Esportiva a 3 anos . Comandando as equipes no Projeto Social . Atividades Esportivas com Qualidade de Vida. P\u00e1gina inicial<\/p>\n","protected":false},"author":1,"featured_media":0,"parent":0,"menu_order":0,"comment_status":"closed","ping_status":"closed","template":"","meta":{"iawp_total_views":4,"footnotes":""},"class_list":["post-315","page","type-page","status-publish","hentry"],"_links":{"self":[{"href":"https:\/\/ipirangarionegrinho.com\/index.php\/wp-json\/wp\/v2\/pages\/315","targetHints":{"allow":["GET"]}}],"collection":[{"href":"https:\/\/ipirangarionegrinho.com\/index.php\/wp-json\/wp\/v2\/pages"}],"about":[{"href":"https:\/\/ipirangarionegrinho.com\/index.php\/wp-json\/wp\/v2\/types\/page"}],"author":[{"embeddable":true,"href":"https:\/\/ipirangarionegrinho.com\/index.php\/wp-json\/wp\/v2\/users\/1"}],"replies":[{"embeddable":true,"href":"https:\/\/ipirangarionegrinho.com\/index.php\/wp-json\/wp\/v2\/comments?post=315"}],"version-history":[{"count":124,"href":"https:\/\/ipirangarionegrinho.com\/index.php\/wp-json\/wp\/v2\/pages\/315\/revisions"}],"predecessor-version":[{"id":553,"href":"https:\/\/ipirangarionegrinho.com\/index.php\/wp-json\/wp\/v2\/pages\/315\/revisions\/553"}],"wp:attachment":[{"href":"https:\/\/ipirangarionegrinho.com\/index.php\/wp-json\/wp\/v2\/media?parent=315"}],"curies":[{"name":"wp","href":"https:\/\/api.w.org\/{rel}","templated":true}]}}